{"id":721,"date":"2022-01-27T10:27:20","date_gmt":"2022-01-27T10:27:20","guid":{"rendered":"https:\/\/myklebost.w.uib.no\/?page_id=721"},"modified":"2025-09-19T07:55:42","modified_gmt":"2025-09-19T07:55:42","slug":"research-partners","status":"publish","type":"page","link":"https:\/\/myklebost.w.uib.no\/nb\/research-partners\/","title":{"rendered":"Samarbeidspartnere"},"content":{"rendered":"<p>V\u00e5rt hovedfokus n\u00e5 er <a href=\"http:\/\/kidimmune.no\">KidImmuneprosjektet<\/a>, der vi samarbeider tett med Monica Cheng Munthe-Kaas og <a href=\"https:\/\/www.ous-research.no\/barnekreftbiobank\/\">den Nasjonale barnekreftbiobanken ved Oslo Universitetssykehus (OUS)<\/a>, Per Minor Magnus og hans barnekreftprosjekt knyttet mot <a href=\"https:\/\/www.fhi.no\/en\/studies\/moba\/\">Mor-og-barnprosjektet ved FHI<\/a>, samt med Barnekreftmilj\u00f8et ved Haukeland Universitetssykehus (HUS) og Sarkomgruppen ved OUS, ved Kjetil Boye. I v\u00e5rt nye TRACE-prosjekt vil vi i tille<span style=\"text-decoration: underline\">gg<\/span> arbeide tett sammen Tone Bj\u00f8rge og medarbeidere i <a href=\"https:\/\/www.uib.no\/en\/trace\">TRACE-senteret ved UiB<\/a>, samt<a href=\"https:\/\/www.kreftregisteret.no\/en\/Research\/Janus-Serum-Bank\/\"> Janusprosjektet ved Kreftregisteret<\/a> ved Hilde Langseth og Leukemigruppen til H\u00e5kon Reikvam ved HUS.<\/p>\n<p>P\u00e5 <a href=\"https:\/\/www.uib.no\/fg\/g6\">Institutt for klinisk medisin 2<\/a> er jeg tilknyttet <strong><a href=\"https:\/\/cmyc.w.uib.no\/nb\/\">C-MYC &#8211; KG Jebsen Senter\u00a0for myeloid blodkreft,<\/a><\/strong> som inkluderer H\u00e5kon Reikvam (for tiden leder), Emmet Mac Cormack, Line Bj\u00f8rge og Bjr\u00f8n Tore Gjertsen. <\/p>\n<p><\/p>","protected":false},"excerpt":{"rendered":"<p>V\u00e5rt hovedfokus n\u00e5 er KidImmuneprosjektet, der vi samarbeider tett med Monica Cheng Munthe-Kaas og den Nasjonale barnekreftbiobanken ved Oslo Universitetssykehus (OUS), Per Minor Magnus og hans barnekreftprosjekt knyttet mot Mor-og-barnprosjektet ved FHI, samt med Barnekreftmilj\u00f8et ved Haukeland Universitetssykehus (HUS) og Sarkomgruppen ved OUS, ved Kjetil Boye. I v\u00e5rt nye TRACE-prosjekt vil vi i tillegg arbeide &hellip; <a href=\"https:\/\/myklebost.w.uib.no\/nb\/research-partners\/\" class=\"more-link\">Fortsett \u00e5 lese <span class=\"screen-reader-text\">Samarbeidspartnere<\/span><\/a><\/p>\n","protected":false},"author":3681,"featured_media":0,"parent":0,"menu_order":0,"comment_status":"closed","ping_status":"closed","template":"","meta":{"_exactmetrics_skip_tracking":false,"_exactmetrics_sitenote_active":false,"_exactmetrics_sitenote_note":"","_exactmetrics_sitenote_category":0,"footnotes":""},"class_list":["post-721","page","type-page","status-publish","hentry"],"_links":{"self":[{"href":"https:\/\/myklebost.w.uib.no\/nb\/wp-json\/wp\/v2\/pages\/721","targetHints":{"allow":["GET"]}}],"collection":[{"href":"https:\/\/myklebost.w.uib.no\/nb\/wp-json\/wp\/v2\/pages"}],"about":[{"href":"https:\/\/myklebost.w.uib.no\/nb\/wp-json\/wp\/v2\/types\/page"}],"author":[{"embeddable":true,"href":"https:\/\/myklebost.w.uib.no\/nb\/wp-json\/wp\/v2\/users\/3681"}],"replies":[{"embeddable":true,"href":"https:\/\/myklebost.w.uib.no\/nb\/wp-json\/wp\/v2\/comments?post=721"}],"version-history":[{"count":21,"href":"https:\/\/myklebost.w.uib.no\/nb\/wp-json\/wp\/v2\/pages\/721\/revisions"}],"predecessor-version":[{"id":1065,"href":"https:\/\/myklebost.w.uib.no\/nb\/wp-json\/wp\/v2\/pages\/721\/revisions\/1065"}],"wp:attachment":[{"href":"https:\/\/myklebost.w.uib.no\/nb\/wp-json\/wp\/v2\/media?parent=721"}],"curies":[{"name":"wp","href":"https:\/\/api.w.org\/{rel}","templated":true}]}}