{"id":677,"date":"2021-10-01T10:31:24","date_gmt":"2021-10-01T10:31:24","guid":{"rendered":"https:\/\/myklebost.w.uib.no\/?page_id=677"},"modified":"2025-09-19T09:39:55","modified_gmt":"2025-09-19T09:39:55","slug":"kidimmune-immunologiske-mekanismer-ved-barnekreft","status":"publish","type":"page","link":"https:\/\/myklebost.w.uib.no\/nb\/","title":{"rendered":"KidImmune, &#8211; immunologiske mekanismer ved barnekreft"},"content":{"rendered":"<p>I dette prosjektet unders\u00f8ker vi antistoffer i blodet til pasienter med kreft, i u<a href=\"https:\/\/mohnfoundation.no\"><img loading=\"lazy\" decoding=\"async\" class=\"wp-image-876 alignleft\" src=\"https:\/\/myklebost.w.uib.no\/files\/2023\/10\/TMSlogo2.png\" alt=\"\" width=\"108\" height=\"106\" \/><\/a>tgangspunktet for \u00e5 se om det er noen som er rettet mot kreftcellene. Slike antistoffer kan utl\u00f8ses ved at det er mutasjoner i svulsten som gj\u00f8re dens proteiner &laquo;fremmede&raquo; for immunsystemet, og kan eventuelt utvikles til diagnostikk eller kreftbehandling. Vi har sendt inn v\u00e5rt f\u00f8rste manuskript om dette, og n\u00e5r det er godkjent vil mer informasjon komme. Studien ble innledet med fokus p\u00e5 sarkomer, men i samarbeid med den nasjonale barnekreftbiobanken ved OUS studerer vi n\u00e5 ogs\u00e5 andre typer kreft hos barn.<\/p>\n<p><img loading=\"lazy\" decoding=\"async\" class=\"size-full wp-image-888 alignleft\" src=\"https:\/\/myklebost.w.uib.no\/files\/2023\/10\/BarnekreftKF-Logo.gif\" alt=\"\" width=\"110\" height=\"279\" \/>Prosjektet fikk st\u00f8tte b\u00e5de fra <a href=\"https:\/\/kreftforeningen.no\/aktuelt\/satser-ekstra-pa-spenstige-kreftpionerer\/\">Kreftforeningens Pionerutslysning<\/a> og <a href=\"https:\/\/www.barnekreftforeningen.no\/forskning\">Barnekreftforeningen<\/a>, s\u00e5 vi kunne g\u00e5 i dybden og utforske de prosessene vi observerer i barnekreftpasientene. Fantastisk \u00e5 f\u00e5 slik avgj\u00f8rende st\u00f8tte basert p\u00e5 forel\u00f8pige resultater. N\u00e5 har vi ogs\u00e5 f\u00e5tt et gener\u00f8st stipend fra Trond Mohns Stiftelse for \u00e5 validere funnene v\u00e5re i st\u00f8rre kohorter sammen <a href=\"https:\/\/www.uib.no\/en\/trace\">Senter for translasjonell epidemiologi ved UiB<\/a>.<\/p>\n<p><a href=\"https:\/\/kreftforeningen.no\/aktuelt\/satser-ekstra-pa-spenstige-kreftpionerer\/\"><img loading=\"lazy\" decoding=\"async\" class=\"wp-image-684 alignright\" src=\"http:\/\/myklebost.w.uib.no\/files\/2021\/12\/Anastassia-i-sterilbanken-2014-300x200.jpg\" alt=\"\" width=\"395\" height=\"263\" srcset=\"https:\/\/myklebost.w.uib.no\/files\/2021\/12\/Anastassia-i-sterilbanken-2014-300x200.jpg 300w, https:\/\/myklebost.w.uib.no\/files\/2021\/12\/Anastassia-i-sterilbanken-2014-1024x683.jpg 1024w, https:\/\/myklebost.w.uib.no\/files\/2021\/12\/Anastassia-i-sterilbanken-2014-768x512.jpg 768w, https:\/\/myklebost.w.uib.no\/files\/2021\/12\/Anastassia-i-sterilbanken-2014-1536x1024.jpg 1536w, https:\/\/myklebost.w.uib.no\/files\/2021\/12\/Anastassia-i-sterilbanken-2014-2048x1366.jpg 2048w\" sizes=\"auto, (max-width: 395px) 100vw, 395px\" \/><\/a><\/p>\n<p>PhD <a href=\"https:\/\/www.barnekreftforeningen.no\/nyheter\/barnekreftdagen-2025\"><strong><span style=\"color: #008000\">Anastassia Serguienko oppdaget fenomenene vi fokuserer p\u00e5, og har n\u00e5 f\u00e5tt penger til \u00e5 fortsette studiene i ytterligere 3 \u00e5r<\/span>!<\/strong><\/a> <span style=\"color: #0000ff\"><a style=\"color: #0000ff\" href=\"https:\/\/www.barnekreftforeningen.no\/nyheter\/forskningsmidler-til-ola-myklebost\">Les mer om prosjektet<\/a><\/span>\u00a0hos <a href=\"https:\/\/www.barnekreftforeningen.no\/nyheter\/kidimmune-autoimmune-mekanismer-i-barnekreft\">Barnekreftforeningen<\/a> og <a href=\"https:\/\/kreftforeningen.no\/aktuelt\/satser-ekstra-pa-spenstige-kreftpionerer\/\">pionerprosjektet p\u00e5 kreftforeningens sider.<\/a><\/p>\n<p>Siden dette er et potensielt banebrytende prosjekt, har vi jobbet stille i flere \u00e5r. N\u00e5 skal vi for f\u00f8rste gang presentere v\u00e5re resultater og hypotese offentlig, i en<a href=\"https:\/\/cslide.ctimeetingtech.com\/siop25\/attendee\/confcal\/session\/calendar\/2025-10-20\"> sesjon for nye oppdagelser p\u00e5 den internasjonale barnekreftkonferansen i Amsterdam 21\/10-25 (SIOP)<\/a>. Du kan lese <a href=\"https:\/\/myklebost.w.uib.no\/files\/2025\/09\/SIOP-abstract-154-2025.pdf\">sammendraget her<\/a>.<\/p>\n<p>","protected":false},"excerpt":{"rendered":"<p>I dette prosjektet unders\u00f8ker vi antistoffer i blodet til pasienter med kreft, i utgangspunktet for \u00e5 se om det er noen som er rettet mot kreftcellene. Slike antistoffer kan utl\u00f8ses ved at det er mutasjoner i svulsten som gj\u00f8re dens proteiner &laquo;fremmede&raquo; for immunsystemet, og kan eventuelt utvikles til diagnostikk eller kreftbehandling. Vi har sendt &hellip; <a href=\"https:\/\/myklebost.w.uib.no\/nb\/\" class=\"more-link\">Fortsett \u00e5 lese <span class=\"screen-reader-text\">KidImmune, &#8211; immunologiske mekanismer ved barnekreft<\/span><\/a><\/p>\n","protected":false},"author":3681,"featured_media":0,"parent":0,"menu_order":0,"comment_status":"closed","ping_status":"closed","template":"","meta":{"_exactmetrics_skip_tracking":false,"_exactmetrics_sitenote_active":false,"_exactmetrics_sitenote_note":"","_exactmetrics_sitenote_category":0,"footnotes":""},"class_list":["post-677","page","type-page","status-publish","hentry"],"_links":{"self":[{"href":"https:\/\/myklebost.w.uib.no\/nb\/wp-json\/wp\/v2\/pages\/677","targetHints":{"allow":["GET"]}}],"collection":[{"href":"https:\/\/myklebost.w.uib.no\/nb\/wp-json\/wp\/v2\/pages"}],"about":[{"href":"https:\/\/myklebost.w.uib.no\/nb\/wp-json\/wp\/v2\/types\/page"}],"author":[{"embeddable":true,"href":"https:\/\/myklebost.w.uib.no\/nb\/wp-json\/wp\/v2\/users\/3681"}],"replies":[{"embeddable":true,"href":"https:\/\/myklebost.w.uib.no\/nb\/wp-json\/wp\/v2\/comments?post=677"}],"version-history":[{"count":67,"href":"https:\/\/myklebost.w.uib.no\/nb\/wp-json\/wp\/v2\/pages\/677\/revisions"}],"predecessor-version":[{"id":1073,"href":"https:\/\/myklebost.w.uib.no\/nb\/wp-json\/wp\/v2\/pages\/677\/revisions\/1073"}],"wp:attachment":[{"href":"https:\/\/myklebost.w.uib.no\/nb\/wp-json\/wp\/v2\/media?parent=677"}],"curies":[{"name":"wp","href":"https:\/\/api.w.org\/{rel}","templated":true}]}}