{"id":291,"date":"2018-01-09T12:40:30","date_gmt":"2018-01-09T12:40:30","guid":{"rendered":"http:\/\/myklebost.w.uib.no\/?page_id=291"},"modified":"2023-03-24T12:40:24","modified_gmt":"2023-03-24T12:40:24","slug":"besoksinfo","status":"publish","type":"page","link":"https:\/\/myklebost.w.uib.no\/nb\/besoksinfo\/","title":{"rendered":"Bes\u00f8ksinfo"},"content":{"rendered":"<p><figure id=\"attachment_848\" aria-describedby=\"caption-attachment-848\" style=\"width: 300px\" class=\"wp-caption alignnone\"><img loading=\"lazy\" decoding=\"async\" class=\"wp-image-848 size-medium\" src=\"http:\/\/myklebost.w.uib.no\/files\/2023\/03\/Labbygget-300x225.jpg\" alt=\"\" width=\"300\" height=\"225\" srcset=\"https:\/\/myklebost.w.uib.no\/files\/2023\/03\/Labbygget-300x225.jpg 300w, https:\/\/myklebost.w.uib.no\/files\/2023\/03\/Labbygget-1024x768.jpg 1024w, https:\/\/myklebost.w.uib.no\/files\/2023\/03\/Labbygget-768x576.jpg 768w, https:\/\/myklebost.w.uib.no\/files\/2023\/03\/Labbygget-1536x1152.jpg 1536w, https:\/\/myklebost.w.uib.no\/files\/2023\/03\/Labbygget-2048x1536.jpg 2048w\" sizes=\"auto, (max-width: 300px) 100vw, 300px\" \/><figcaption id=\"caption-attachment-848\" class=\"wp-caption-text\">The view of the lab building from the south (with the back to the glass buildings and the main building to the right)<\/figcaption><\/figure><\/p>\n<p>Jeg sitter p\u00e5 kontor 5365 i 5te etasje av <a href=\"https:\/\/www.google.no\/maps\/dir\/\/Laboratoriebygget,+Haukelandsbakken,+5009+Bergen\/@60.3739263,5.3615615,17z\/data=!4m8!4m7!1m0!1m5!1m1!1s0x463cf936c6da5bc9:0xd92318593301161a!2m2!1d5.3615971!2d60.3738713\">Laboratoriebygget ved Haukeland sykehus (trykk her for kart)<\/a>. Det er mange l\u00e5ste d\u00f8rer, og det enkleste er \u00e5 g\u00e5 inn mellom Verkstedsbygget og BB-bygget til hovedinngangen (under pilen p\u00e5 bildet), og ta heisen opp i 5te (krysset).<\/p>","protected":false},"excerpt":{"rendered":"<p>Jeg sitter p\u00e5 kontor 5365 i 5te etasje av Laboratoriebygget ved Haukeland sykehus (trykk her for kart). Det er mange l\u00e5ste d\u00f8rer, og det enkleste er \u00e5 g\u00e5 inn mellom Verkstedsbygget og BB-bygget til hovedinngangen (under pilen p\u00e5 bildet), og ta heisen opp i 5te (krysset).<\/p>\n","protected":false},"author":3681,"featured_media":0,"parent":0,"menu_order":0,"comment_status":"closed","ping_status":"closed","template":"","meta":{"_exactmetrics_skip_tracking":false,"_exactmetrics_sitenote_active":false,"_exactmetrics_sitenote_note":"","_exactmetrics_sitenote_category":0,"footnotes":""},"class_list":["post-291","page","type-page","status-publish","hentry"],"_links":{"self":[{"href":"https:\/\/myklebost.w.uib.no\/nb\/wp-json\/wp\/v2\/pages\/291","targetHints":{"allow":["GET"]}}],"collection":[{"href":"https:\/\/myklebost.w.uib.no\/nb\/wp-json\/wp\/v2\/pages"}],"about":[{"href":"https:\/\/myklebost.w.uib.no\/nb\/wp-json\/wp\/v2\/types\/page"}],"author":[{"embeddable":true,"href":"https:\/\/myklebost.w.uib.no\/nb\/wp-json\/wp\/v2\/users\/3681"}],"replies":[{"embeddable":true,"href":"https:\/\/myklebost.w.uib.no\/nb\/wp-json\/wp\/v2\/comments?post=291"}],"version-history":[{"count":12,"href":"https:\/\/myklebost.w.uib.no\/nb\/wp-json\/wp\/v2\/pages\/291\/revisions"}],"predecessor-version":[{"id":849,"href":"https:\/\/myklebost.w.uib.no\/nb\/wp-json\/wp\/v2\/pages\/291\/revisions\/849"}],"wp:attachment":[{"href":"https:\/\/myklebost.w.uib.no\/nb\/wp-json\/wp\/v2\/media?parent=291"}],"curies":[{"name":"wp","href":"https:\/\/api.w.org\/{rel}","templated":true}]}}